{"id":36,"date":"2023-01-06T19:59:44","date_gmt":"2023-01-06T19:59:44","guid":{"rendered":"http:\/\/www.feketetetofedes.hu\/?page_id=36"},"modified":"2023-02-26T21:20:05","modified_gmt":"2023-02-26T21:20:05","slug":"eloteto-es-filagoria","status":"publish","type":"page","link":"http:\/\/www.feketetetofedes.hu\/?page_id=36","title":{"rendered":"El\u0151tet\u0151 \u00e9s Filag\u00f3ria"},"content":{"rendered":"\n<p>V\u00e1llaljuk el\u0151tet\u0151k, filag\u00f3ri\u00e1k, fah\u00e1zak vagy ak\u00e1r kerti fa j\u00e1tsz\u00f3terek kivitelez\u00e9s\u00e9t is. Az ezen a ter\u00fcleten megl\u00e9v\u0151 tapasztalataimmal tudok a kedves megrendel\u0151knek \u00f6tleteket biztos\u00edtani legyen sz\u00f3 ak\u00e1r el\u0151ltet\u0151r\u0151l, filag\u00f3ri\u00e1r\u00f3l vagy kerti j\u00e1tsz\u00f3t\u00e9rr\u0151l. Nyitottak vagyunk egyedi ig\u00e9nyek megval\u00f3s\u00edt\u00e1s\u00e1ra is.  <\/p>\n\n\n\n<figure class=\"wp-block-gallery has-nested-images columns-default is-cropped wp-block-gallery-1 is-layout-flex wp-block-gallery-is-layout-flex\">\n<figure class=\"wp-block-image size-large\"><img loading=\"lazy\" decoding=\"async\" width=\"461\" height=\"1024\" data-id=\"144\" src=\"http:\/\/www.feketetetofedes.hu\/wp-content\/uploads\/2023\/02\/20221220_085757-461x1024.jpg\" alt=\"\" class=\"wp-image-144\" srcset=\"http:\/\/www.feketetetofedes.hu\/wp-content\/uploads\/2023\/02\/20221220_085757-461x1024.jpg 461w, http:\/\/www.feketetetofedes.hu\/wp-content\/uploads\/2023\/02\/20221220_085757-135x300.jpg 135w, http:\/\/www.feketetetofedes.hu\/wp-content\/uploads\/2023\/02\/20221220_085757-768x1707.jpg 768w, http:\/\/www.feketetetofedes.hu\/wp-content\/uploads\/2023\/02\/20221220_085757-691x1536.jpg 691w, http:\/\/www.feketetetofedes.hu\/wp-content\/uploads\/2023\/02\/20221220_085757-922x2048.jpg 922w, http:\/\/www.feketetetofedes.hu\/wp-content\/uploads\/2023\/02\/20221220_085757-600x1333.jpg 600w, http:\/\/www.feketetetofedes.hu\/wp-content\/uploads\/2023\/02\/20221220_085757-27x60.jpg 27w, http:\/\/www.feketetetofedes.hu\/wp-content\/uploads\/2023\/02\/20221220_085757-41x90.jpg 41w, http:\/\/www.feketetetofedes.hu\/wp-content\/uploads\/2023\/02\/20221220_085757-scaled.jpg 1152w\" sizes=\"auto, (max-width: 461px) 100vw, 461px\" \/><\/figure>\n\n\n\n<figure class=\"wp-block-image size-large\"><img loading=\"lazy\" decoding=\"async\" width=\"768\" height=\"1024\" data-id=\"147\" src=\"http:\/\/www.feketetetofedes.hu\/wp-content\/uploads\/2023\/02\/IMG_20201107_150313-768x1024.jpg\" alt=\"\" class=\"wp-image-147\" srcset=\"http:\/\/www.feketetetofedes.hu\/wp-content\/uploads\/2023\/02\/IMG_20201107_150313-768x1024.jpg 768w, http:\/\/www.feketetetofedes.hu\/wp-content\/uploads\/2023\/02\/IMG_20201107_150313-225x300.jpg 225w, http:\/\/www.feketetetofedes.hu\/wp-content\/uploads\/2023\/02\/IMG_20201107_150313-1152x1536.jpg 1152w, http:\/\/www.feketetetofedes.hu\/wp-content\/uploads\/2023\/02\/IMG_20201107_150313-1536x2048.jpg 1536w, http:\/\/www.feketetetofedes.hu\/wp-content\/uploads\/2023\/02\/IMG_20201107_150313-600x800.jpg 600w, http:\/\/www.feketetetofedes.hu\/wp-content\/uploads\/2023\/02\/IMG_20201107_150313-45x60.jpg 45w, http:\/\/www.feketetetofedes.hu\/wp-content\/uploads\/2023\/02\/IMG_20201107_150313-68x90.jpg 68w, http:\/\/www.feketetetofedes.hu\/wp-content\/uploads\/2023\/02\/IMG_20201107_150313-scaled.jpg 1920w\" sizes=\"auto, (max-width: 768px) 100vw, 768px\" \/><\/figure>\n\n\n\n<figure class=\"wp-block-image size-large\"><img loading=\"lazy\" decoding=\"async\" width=\"768\" height=\"1024\" data-id=\"146\" src=\"http:\/\/www.feketetetofedes.hu\/wp-content\/uploads\/2023\/02\/IMG_20190430_162155-768x1024.jpg\" alt=\"\" class=\"wp-image-146\" srcset=\"http:\/\/www.feketetetofedes.hu\/wp-content\/uploads\/2023\/02\/IMG_20190430_162155-768x1024.jpg 768w, http:\/\/www.feketetetofedes.hu\/wp-content\/uploads\/2023\/02\/IMG_20190430_162155-225x300.jpg 225w, http:\/\/www.feketetetofedes.hu\/wp-content\/uploads\/2023\/02\/IMG_20190430_162155-1152x1536.jpg 1152w, http:\/\/www.feketetetofedes.hu\/wp-content\/uploads\/2023\/02\/IMG_20190430_162155-1536x2048.jpg 1536w, http:\/\/www.feketetetofedes.hu\/wp-content\/uploads\/2023\/02\/IMG_20190430_162155-600x800.jpg 600w, http:\/\/www.feketetetofedes.hu\/wp-content\/uploads\/2023\/02\/IMG_20190430_162155-45x60.jpg 45w, http:\/\/www.feketetetofedes.hu\/wp-content\/uploads\/2023\/02\/IMG_20190430_162155-68x90.jpg 68w, http:\/\/www.feketetetofedes.hu\/wp-content\/uploads\/2023\/02\/IMG_20190430_162155-scaled.jpg 1920w\" sizes=\"auto, (max-width: 768px) 100vw, 768px\" \/><\/figure>\n<\/figure>\n","protected":false},"excerpt":{"rendered":"<p>V\u00e1llaljuk el\u0151tet\u0151k, filag\u00f3ri\u00e1k, fah\u00e1zak vagy ak\u00e1r kerti fa j\u00e1tsz\u00f3terek kivitelez\u00e9s\u00e9t is. Az ezen a ter\u00fcleten megl\u00e9v\u0151 tapasztalataimmal tudok a kedves megrendel\u0151knek \u00f6tleteket biztos\u00edtani legyen sz\u00f3 ak\u00e1r el\u0151ltet\u0151r\u0151l, filag\u00f3ri\u00e1r\u00f3l vagy kerti j\u00e1tsz\u00f3t\u00e9rr\u0151l. Nyitottak vagyunk egyedi ig\u00e9nyek megval\u00f3s\u00edt\u00e1s\u00e1ra is.<\/p>\n","protected":false},"author":1,"featured_media":0,"parent":0,"menu_order":0,"comment_status":"closed","ping_status":"closed","template":"","meta":{"om_disable_all_campaigns":false,"_mi_skip_tracking":false,"neve_meta_sidebar":"","neve_meta_container":"","neve_meta_enable_content_width":"","neve_meta_content_width":0,"neve_meta_title_alignment":"","neve_meta_author_avatar":"","neve_post_elements_order":"","neve_meta_disable_header":"","neve_meta_disable_footer":"","neve_meta_disable_title":"","footnotes":""},"class_list":["post-36","page","type-page","status-publish","hentry"],"aioseo_notices":[],"_links":{"self":[{"href":"http:\/\/www.feketetetofedes.hu\/index.php?rest_route=\/wp\/v2\/pages\/36","targetHints":{"allow":["GET"]}}],"collection":[{"href":"http:\/\/www.feketetetofedes.hu\/index.php?rest_route=\/wp\/v2\/pages"}],"about":[{"href":"http:\/\/www.feketetetofedes.hu\/index.php?rest_route=\/wp\/v2\/types\/page"}],"author":[{"embeddable":true,"href":"http:\/\/www.feketetetofedes.hu\/index.php?rest_route=\/wp\/v2\/users\/1"}],"replies":[{"embeddable":true,"href":"http:\/\/www.feketetetofedes.hu\/index.php?rest_route=%2Fwp%2Fv2%2Fcomments&post=36"}],"version-history":[{"count":3,"href":"http:\/\/www.feketetetofedes.hu\/index.php?rest_route=\/wp\/v2\/pages\/36\/revisions"}],"predecessor-version":[{"id":148,"href":"http:\/\/www.feketetetofedes.hu\/index.php?rest_route=\/wp\/v2\/pages\/36\/revisions\/148"}],"wp:attachment":[{"href":"http:\/\/www.feketetetofedes.hu\/index.php?rest_route=%2Fwp%2Fv2%2Fmedia&parent=36"}],"curies":[{"name":"wp","href":"https:\/\/api.w.org\/{rel}","templated":true}]}}