{"id":38,"date":"2023-01-06T19:59:44","date_gmt":"2023-01-06T19:59:44","guid":{"rendered":"http:\/\/www.feketetetofedes.hu\/?page_id=38"},"modified":"2023-02-26T21:16:59","modified_gmt":"2023-02-26T21:16:59","slug":"referenciak","status":"publish","type":"page","link":"http:\/\/www.feketetetofedes.hu\/?page_id=38","title":{"rendered":"Referenci\u00e1k"},"content":{"rendered":"\n<p>Referenci\u00e1ik k\u00f6z\u00f6tt megtal\u00e1lhat\u00f3ak csal\u00e1di h\u00e1zak, egyh\u00e1zi \u00e9s k\u00f6zint\u00e9zm\u00e9nyek. Lak\u00f3parkok, el\u0151tet\u0151k, kerti j\u00e1tsz\u00f3terek \u00e9s filag\u00f3ri\u00e1k is. \u00c1lljon itt egy kis \u00edzel\u00edt\u0151 eddigi munk\u00e1inkb\u00f3l.<\/p>\n\n\n\n<div class=\"wp-block-group\"><div class=\"wp-block-group__inner-container is-layout-constrained wp-block-group-is-layout-constrained\">\n<figure class=\"wp-block-gallery has-nested-images columns-default is-cropped wp-block-gallery-1 is-layout-flex wp-block-gallery-is-layout-flex\">\n<figure class=\"wp-block-image size-large\"><img loading=\"lazy\" decoding=\"async\" width=\"768\" height=\"1024\" data-id=\"138\" src=\"http:\/\/www.feketetetofedes.hu\/wp-content\/uploads\/2023\/02\/IMG_20201127_151222-768x1024.jpg\" alt=\"\" class=\"wp-image-138\" srcset=\"http:\/\/www.feketetetofedes.hu\/wp-content\/uploads\/2023\/02\/IMG_20201127_151222-768x1024.jpg 768w, http:\/\/www.feketetetofedes.hu\/wp-content\/uploads\/2023\/02\/IMG_20201127_151222-225x300.jpg 225w, http:\/\/www.feketetetofedes.hu\/wp-content\/uploads\/2023\/02\/IMG_20201127_151222-1152x1536.jpg 1152w, http:\/\/www.feketetetofedes.hu\/wp-content\/uploads\/2023\/02\/IMG_20201127_151222-1536x2048.jpg 1536w, http:\/\/www.feketetetofedes.hu\/wp-content\/uploads\/2023\/02\/IMG_20201127_151222-600x800.jpg 600w, http:\/\/www.feketetetofedes.hu\/wp-content\/uploads\/2023\/02\/IMG_20201127_151222-45x60.jpg 45w, http:\/\/www.feketetetofedes.hu\/wp-content\/uploads\/2023\/02\/IMG_20201127_151222-68x90.jpg 68w, http:\/\/www.feketetetofedes.hu\/wp-content\/uploads\/2023\/02\/IMG_20201127_151222-scaled.jpg 1920w\" sizes=\"auto, (max-width: 768px) 100vw, 768px\" \/><\/figure>\n\n\n\n<figure class=\"wp-block-image size-large\"><img loading=\"lazy\" decoding=\"async\" width=\"768\" height=\"1024\" data-id=\"140\" src=\"http:\/\/www.feketetetofedes.hu\/wp-content\/uploads\/2023\/02\/IMG_20201202_143721-768x1024.jpg\" alt=\"\" class=\"wp-image-140\" srcset=\"http:\/\/www.feketetetofedes.hu\/wp-content\/uploads\/2023\/02\/IMG_20201202_143721-768x1024.jpg 768w, http:\/\/www.feketetetofedes.hu\/wp-content\/uploads\/2023\/02\/IMG_20201202_143721-225x300.jpg 225w, http:\/\/www.feketetetofedes.hu\/wp-content\/uploads\/2023\/02\/IMG_20201202_143721-1152x1536.jpg 1152w, http:\/\/www.feketetetofedes.hu\/wp-content\/uploads\/2023\/02\/IMG_20201202_143721-1536x2048.jpg 1536w, http:\/\/www.feketetetofedes.hu\/wp-content\/uploads\/2023\/02\/IMG_20201202_143721-600x800.jpg 600w, http:\/\/www.feketetetofedes.hu\/wp-content\/uploads\/2023\/02\/IMG_20201202_143721-45x60.jpg 45w, http:\/\/www.feketetetofedes.hu\/wp-content\/uploads\/2023\/02\/IMG_20201202_143721-68x90.jpg 68w, http:\/\/www.feketetetofedes.hu\/wp-content\/uploads\/2023\/02\/IMG_20201202_143721-scaled.jpg 1920w\" sizes=\"auto, (max-width: 768px) 100vw, 768px\" \/><\/figure>\n\n\n\n<figure class=\"wp-block-image size-large\"><img loading=\"lazy\" decoding=\"async\" width=\"768\" height=\"1024\" data-id=\"139\" src=\"http:\/\/www.feketetetofedes.hu\/wp-content\/uploads\/2023\/02\/IMG_20210502_101142-1-768x1024.jpg\" alt=\"\" class=\"wp-image-139\" srcset=\"http:\/\/www.feketetetofedes.hu\/wp-content\/uploads\/2023\/02\/IMG_20210502_101142-1-768x1024.jpg 768w, http:\/\/www.feketetetofedes.hu\/wp-content\/uploads\/2023\/02\/IMG_20210502_101142-1-225x300.jpg 225w, http:\/\/www.feketetetofedes.hu\/wp-content\/uploads\/2023\/02\/IMG_20210502_101142-1-1152x1536.jpg 1152w, http:\/\/www.feketetetofedes.hu\/wp-content\/uploads\/2023\/02\/IMG_20210502_101142-1-1536x2048.jpg 1536w, http:\/\/www.feketetetofedes.hu\/wp-content\/uploads\/2023\/02\/IMG_20210502_101142-1-600x800.jpg 600w, http:\/\/www.feketetetofedes.hu\/wp-content\/uploads\/2023\/02\/IMG_20210502_101142-1-45x60.jpg 45w, http:\/\/www.feketetetofedes.hu\/wp-content\/uploads\/2023\/02\/IMG_20210502_101142-1-68x90.jpg 68w, http:\/\/www.feketetetofedes.hu\/wp-content\/uploads\/2023\/02\/IMG_20210502_101142-1-scaled.jpg 1920w\" sizes=\"auto, (max-width: 768px) 100vw, 768px\" \/><\/figure>\n<\/figure>\n<\/div><\/div>\n","protected":false},"excerpt":{"rendered":"<p>Referenci\u00e1ik k\u00f6z\u00f6tt megtal\u00e1lhat\u00f3ak csal\u00e1di h\u00e1zak, egyh\u00e1zi \u00e9s k\u00f6zint\u00e9zm\u00e9nyek. Lak\u00f3parkok, el\u0151tet\u0151k, kerti j\u00e1tsz\u00f3terek \u00e9s filag\u00f3ri\u00e1k is. \u00c1lljon itt egy kis \u00edzel\u00edt\u0151 eddigi munk\u00e1inkb\u00f3l.<\/p>\n","protected":false},"author":1,"featured_media":0,"parent":0,"menu_order":0,"comment_status":"closed","ping_status":"closed","template":"","meta":{"om_disable_all_campaigns":false,"_mi_skip_tracking":false,"neve_meta_sidebar":"","neve_meta_container":"","neve_meta_enable_content_width":"","neve_meta_content_width":0,"neve_meta_title_alignment":"","neve_meta_author_avatar":"","neve_post_elements_order":"","neve_meta_disable_header":"","neve_meta_disable_footer":"","neve_meta_disable_title":"","footnotes":""},"class_list":["post-38","page","type-page","status-publish","hentry"],"aioseo_notices":[],"_links":{"self":[{"href":"http:\/\/www.feketetetofedes.hu\/index.php?rest_route=\/wp\/v2\/pages\/38","targetHints":{"allow":["GET"]}}],"collection":[{"href":"http:\/\/www.feketetetofedes.hu\/index.php?rest_route=\/wp\/v2\/pages"}],"about":[{"href":"http:\/\/www.feketetetofedes.hu\/index.php?rest_route=\/wp\/v2\/types\/page"}],"author":[{"embeddable":true,"href":"http:\/\/www.feketetetofedes.hu\/index.php?rest_route=\/wp\/v2\/users\/1"}],"replies":[{"embeddable":true,"href":"http:\/\/www.feketetetofedes.hu\/index.php?rest_route=%2Fwp%2Fv2%2Fcomments&post=38"}],"version-history":[{"count":4,"href":"http:\/\/www.feketetetofedes.hu\/index.php?rest_route=\/wp\/v2\/pages\/38\/revisions"}],"predecessor-version":[{"id":142,"href":"http:\/\/www.feketetetofedes.hu\/index.php?rest_route=\/wp\/v2\/pages\/38\/revisions\/142"}],"wp:attachment":[{"href":"http:\/\/www.feketetetofedes.hu\/index.php?rest_route=%2Fwp%2Fv2%2Fmedia&parent=38"}],"curies":[{"name":"wp","href":"https:\/\/api.w.org\/{rel}","templated":true}]}}