{"id":39,"date":"2023-01-06T19:59:44","date_gmt":"2023-01-06T19:59:44","guid":{"rendered":"http:\/\/www.feketetetofedes.hu\/?page_id=39"},"modified":"2023-01-06T22:05:53","modified_gmt":"2023-01-06T22:05:53","slug":"kapcsolat","status":"publish","type":"page","link":"http:\/\/www.feketetetofedes.hu\/?page_id=39","title":{"rendered":"Kapcsolat"},"content":{"rendered":"\n<p>Fekete Istv\u00e1n \u00c1cs &#8211; Tet\u0151fed\u0151<\/p>\n\n\n\n<p>4484 Ibr\u00e1ny Csal\u00e1d \u00dat 27<\/p>\n\n\n\n<p>Telefon: +36 20 5875428<\/p>\n\n\n\n<p>Email: <a href=\"mailto:fekete.istvan@feketetetofedes.hu\">fekete.istvan@feketetetofedes.hu<\/a><\/p>\n\n\n\n<iframe src=\"https:\/\/www.google.com\/maps\/embed?pb=!1m18!1m12!1m3!1d2663.6172032730074!2d21.702889515814263!3d48.11761966052939!2m3!1f0!2f0!3f0!3m2!1i1024!2i768!4f13.1!3m3!1m2!1s0x4738bcbd41d07a35%3A0xab6e6ca3d4c2ce0e!2zSWJyw6FueSwgQ3NhbMOhZCB1dGNhIDI3LCA0NDg0!5e0!3m2!1shu!2shu!4v1673042559646!5m2!1shu!2shu\" width=\"600\" height=\"450\" style=\"border:0;\" allowfullscreen=\"\" loading=\"lazy\" referrerpolicy=\"no-referrer-when-downgrade\"><\/iframe>\n","protected":false},"excerpt":{"rendered":"<p>Fekete Istv\u00e1n \u00c1cs &#8211; Tet\u0151fed\u0151 4484 Ibr\u00e1ny Csal\u00e1d \u00dat 27 Telefon: +36 20 5875428 Email: fekete.istvan@feketetetofedes.hu<\/p>\n","protected":false},"author":1,"featured_media":0,"parent":0,"menu_order":0,"comment_status":"closed","ping_status":"closed","template":"","meta":{"om_disable_all_campaigns":false,"_mi_skip_tracking":false,"neve_meta_sidebar":"","neve_meta_container":"","neve_meta_enable_content_width":"","neve_meta_content_width":0,"neve_meta_title_alignment":"","neve_meta_author_avatar":"","neve_post_elements_order":"","neve_meta_disable_header":"","neve_meta_disable_footer":"","neve_meta_disable_title":"","footnotes":""},"class_list":["post-39","page","type-page","status-publish","hentry"],"aioseo_notices":[],"_links":{"self":[{"href":"http:\/\/www.feketetetofedes.hu\/index.php?rest_route=\/wp\/v2\/pages\/39","targetHints":{"allow":["GET"]}}],"collection":[{"href":"http:\/\/www.feketetetofedes.hu\/index.php?rest_route=\/wp\/v2\/pages"}],"about":[{"href":"http:\/\/www.feketetetofedes.hu\/index.php?rest_route=\/wp\/v2\/types\/page"}],"author":[{"embeddable":true,"href":"http:\/\/www.feketetetofedes.hu\/index.php?rest_route=\/wp\/v2\/users\/1"}],"replies":[{"embeddable":true,"href":"http:\/\/www.feketetetofedes.hu\/index.php?rest_route=%2Fwp%2Fv2%2Fcomments&post=39"}],"version-history":[{"count":4,"href":"http:\/\/www.feketetetofedes.hu\/index.php?rest_route=\/wp\/v2\/pages\/39\/revisions"}],"predecessor-version":[{"id":111,"href":"http:\/\/www.feketetetofedes.hu\/index.php?rest_route=\/wp\/v2\/pages\/39\/revisions\/111"}],"wp:attachment":[{"href":"http:\/\/www.feketetetofedes.hu\/index.php?rest_route=%2Fwp%2Fv2%2Fmedia&parent=39"}],"curies":[{"name":"wp","href":"https:\/\/api.w.org\/{rel}","templated":true}]}}